{"id":23638,"date":"2014-11-13T13:22:00","date_gmt":"2014-11-13T13:22:00","guid":{"rendered":"http:\/\/blueowlcreative.com\/wp\/fortuna_export\/?page_id=2"},"modified":"2024-06-12T17:57:32","modified_gmt":"2024-06-12T17:57:32","slug":"home-page","status":"publish","type":"page","link":"https:\/\/maradoldav.com.mx\/","title":{"rendered":"Home Page"},"content":{"rendered":"<p>[vc_row full_width=&#8221;stretch_row_content_no_spaces&#8221;][vc_column][vc_column_text]<div class=\"boc_spacing \" style=\"height: 10px\"><\/div>[\/vc_column_text][\/vc_column][\/vc_row][vc_row el_id=&#8221;nosotros&#8221;][vc_column width=&#8221;1\/2&#8243;][vc_single_image css_animation=&#8221;boc_animate_when_almost_visible boc_left-to-right&#8221; image=&#8221;23817&#8243;][\/vc_column][vc_column width=&#8221;1\/2&#8243; css=&#8221;.vc_custom_1426343257137{padding-top: 100px !important;padding-bottom: 40px !important;}&#8221;]<h1 class=\"boc_heading no_text_transform letter_spacing_negative al_left  \"  style=\"margin-bottom: 8px;margin-top: 0px;color: #333333;font-size: 33px;\"><span>Bienvenido a <strong>Maradol DAV<\/strong><\/span><\/h1><h3 class=\"boc_heading  al_left  boc_subheading \"  style=\"margin-bottom: 20px;margin-top: 0px;color: #adadad;\"><span>Venta de Papaya y Pl\u00e1tano de calidad excepcional<\/span><\/h3><div class=\"boc_divider_holder\"><div class=\"boc_divider  \"  style=\"margin-top: 22px;margin-bottom: 22px;width: 100px;height: 2px;background: #eeeeee;\"><\/div><\/div>[vc_column_text]En Maradol DAV contamos con venta de papaya y pl\u00e1tano de la mejor calidad y a un excelente precio. Contamos con distribuci\u00f3n a toda la Rep\u00fablica Mexicana y abasto de fruta durante todo el a\u00f1o.[\/vc_column_text]<div class=\"boc_spacing \" style=\"height: 20px\"><\/div><a\thref=\"http:\/\/bit.ly\/WhatsAppMaradolDAV\" \n\t\t\t\tclass=\"button btn_medium btn_green btn_rounded btn_normal_style icon_pos_after btn_icon_anim_out  side_bounce_icon\"  target='_blank'><span>Env\u00eda Whatsapp<\/span> <i class='icon icon-arrow-right6'><\/i> <\/a>[\/vc_column][\/vc_row][vc_row full_width=&#8221;stretch_row&#8221; enable_overlay=&#8221;off&#8221; el_class=&#8221;white_text&#8221; css=&#8221;.vc_custom_1536193098315{margin-bottom: 0px !important;padding-top: 24px !important;padding-bottom: 20px !important;background-color: #ae3636 !important;}&#8221;][vc_column]<div class=\"text_box no_text_transform body_font box_no_bgr \"><div class=\"text_box_content with_button\"><h2>Ponte en contacto y ser\u00e1 un placer atenderte<\/h2>\r\n\t\t\t\t\t<p><\/p>\r\n\t\t\t\t<\/div><div class=\"btn_holder\"><a\thref=\"http:\/\/bit.ly\/WhatsAppMaradolDAV\" \r\n\t\t\t\t\tclass=\"button  btn_medium_stretched btn_green btn_rounded btn_normal_style icon_pos_after \"  target='_blank'><span>Env\u00eda whatsapp<\/span> <i class='icon icon icon-whatsapp'><\/i> <\/a><\/div><\/div>[\/vc_column][\/vc_row][vc_row full_width=&#8221;stretch_row_content_no_spaces&#8221; parallax_content=&#8221;off&#8221; icon_type=&#8221;no_icon&#8221; icon_size=&#8221;32&#8243; icon_style=&#8221;none&#8221; icon_color_border=&#8221;#333333&#8243; icon_border_size=&#8221;1&#8243; icon_border_radius=&#8221;500&#8243; icon_border_spacing=&#8221;50&#8243; img_width=&#8221;48&#8243; css=&#8221;.vc_custom_1536113681284{background-image: url(http:\/\/maradoldav.com.mx\/wp-content\/uploads\/2018\/09\/fondo-papayas.jpg?id=23788) !important;background-position: center !important;background-repeat: no-repeat !important;background-size: cover !important;}&#8221;][vc_column css=&#8221;.vc_custom_1427975436503{padding-top: 60px !important;padding-right: 80px !important;padding-bottom: 60px !important;padding-left: 80px !important;}&#8221; el_class=&#8221;white_text semi_dark_overlay equal_height_column&#8221; offset=&#8221;vc_col-lg-8 vc_col-md-12 vc_col-xs-12&#8243;][vc_row_inner css=&#8221;.vc_custom_1425747964773{padding: 0px !important;}&#8221;][vc_column_inner width=&#8221;1\/2&#8243; css=&#8221;.vc_custom_1427975031462{padding-top: 20px !important;padding-right: 30px !important;padding-bottom: 20px !important;padding-left: 30px !important;}&#8221;]<div class=\"side_icon_box large  boc_animate_when_almost_visible\"><span class=\"icon_feat \" style=\"\"><i class=\"icon icon-medal\" style=\"color: #ae3637;\"><\/i><\/span><h3><a href=\"http:\/\/google.com\" target=\"_blank\">Excelente Calidad<\/a><\/h3><div class=\"side_icon_box_content\">Contamos con Pl\u00e1tanos y Papayas de la mejor calidad gracias al control de los cultivos y los altos est\u00e1ndares de calidad en la elecci\u00f3n de la fruta.<\/div><\/div><div class=\"boc_spacing \" style=\"height: 30px\"><\/div><div class=\"side_icon_box large  boc_animate_when_almost_visible\"><span class=\"icon_feat \" style=\"\"><i class=\"icon icon-truck\" style=\"color: #ae3637;\"><\/i><\/span><h3><a href=\"http:\/\/google.com\" target=\"_blank\">Compromiso de entrega<\/a><\/h3><div class=\"side_icon_box_content\">En Maradol DAV nos comprometemos a entregar su pedido en la fecha y lugar pactados, evitando al m\u00e1ximo los retrasos.<\/div><\/div>[\/vc_column_inner][vc_column_inner width=&#8221;1\/2&#8243; css=&#8221;.vc_custom_1427975380602{padding-top: 20px !important;padding-right: 30px !important;padding-bottom: 20px !important;padding-left: 30px !important;}&#8221;]<div class=\"side_icon_box large  boc_animate_when_almost_visible\"><span class=\"icon_feat \" style=\"\"><i class=\"icon icon-shield2\" style=\"color: #ae3637;\"><\/i><\/span><h3>Entregas en todo M\u00e9xico<\/h3><div class=\"side_icon_box_content\">Enviamos pedido a todo M\u00e9xico todos los d\u00edas, podemos ser tu proveedor de confianza de papayas y pl\u00e1tanos<\/div><\/div><div class=\"boc_spacing \" style=\"height: 30px\"><\/div><div class=\"side_icon_box large  boc_animate_when_almost_visible\"><span class=\"icon_feat \" style=\"\"><i class=\"icon icon-like2\" style=\"color: #ae3637;\"><\/i><\/span><h3>Experiencia y Seriedad<\/h3><div class=\"side_icon_box_content\">M\u00e1s de 15 a\u00f1os en el mercado nos respaldan como una empresa s\u00f3lida y con la capacidad suficiente para abastecer sus necesidades<\/div><\/div>[\/vc_column_inner][\/vc_row_inner][\/vc_column][vc_column css=&#8221;.vc_custom_1427982797263{padding-top: 40px !important;padding-right: 120px !important;padding-bottom: 40px !important;padding-left: 120px !important;background-position: center !important;background-repeat: no-repeat !important;background-size: cover !important;}&#8221; el_class=&#8221;equal_height_column align_middle_column jade_overlay&#8221; offset=&#8221;vc_col-lg-4 vc_col-md-12 vc_col-xs-12&#8243;][vc_single_image img_size=&#8221;large&#8221; alignment=&#8221;center&#8221; image=&#8221;23787&#8243;]<div class=\"boc_spacing \" style=\"height: 20px\"><\/div>[vc_single_image img_size=&#8221;large&#8221; alignment=&#8221;center&#8221; image=&#8221;23857&#8243;]<h3 class=\"boc_heading  center  \"  style=\"margin-bottom: 8px;margin-top: 0px;color: #ffffff;font-size: 36px;\"><span>Alianza Estrat\u00e9gica<\/span><\/h3>[\/vc_column][\/vc_row][vc_row el_id=&#8221;productos&#8221;][vc_column]<h1 class=\"boc_heading no_text_transform letter_spacing_negative al_left  \"  style=\"margin-bottom: 8px;margin-top: 0px;color: #333333;font-size: 33px;\"><span>Nuestros <strong>Productos<\/strong><\/span><\/h1><h3 class=\"boc_heading  al_left  boc_subheading \"  style=\"margin-bottom: 20px;margin-top: 0px;color: #adadad;\"><span>Fruta de primera calidad<\/span><\/h3><div class=\"boc_divider_holder\"><div class=\"boc_divider  \"  style=\"margin-top: 22px;margin-bottom: 22px;width: 100px;height: 2px;background: #eeeeee;\"><\/div><\/div>[\/vc_column][vc_column width=&#8221;1\/2&#8243;]\r\n\t\t\t\t<a target=\"_self\" href=\"javascript:void(0)\"  style=\"cursor: default;\" title=\"\" class=\"pic_info_link_type4\">\r\n\t\t\t\t  <div class=\"boc_image_box portfolio_animator_class  \">\r\n\t\t\t\t\t<div class=\"pic_info type4\">\r\n\t\t\t\t\t\t<div class=\"pic \"><div class=\"plus_overlay\"><\/div><div class=\"plus_overlay_icon\"><\/div>\r\n\t\t\t\t\t\t<img loading=\"lazy\" decoding=\"async\" width=\"600\" height=\"380\" src=\"https:\/\/maradoldav.com.mx\/wp-content\/uploads\/2018\/09\/venta-de-platano-al-mayoreo-600x380.jpg\" class=\"attachment-boc_medium size-boc_medium\" alt=\"\" \/>\r\n\t\t\t\t\t\t<div class=\"img_overlay_icon\"><span class=\"portfolio_icon icon_link\"><\/span><\/div><\/div>\r\n\t\t\t\t\t\t<div class=\"info_overlay\">\r\n\t\t\t\t\t\t\t<div class=\"info_overlay_padding\">\r\n\t\t\t\t\t\t\t\t<div class=\"info_desc\">\r\n\t\t\t\t\t\t\t\t\t<span class=\"portfolio_icon icon_link\"><\/span>\t\t\t\t\r\n\t\t\t\t\t\t\t\t\t<h3>Pl\u00e1tano Chiapas<\/h3>\r\n\t\t\t\t\t\t\t\t\t<p>Pl\u00e1tano de excelente calidad<\/p>\r\n\t\t\t\t\t\t\t\t<\/div>\r\n\t\t\t\t\t\t\t<\/div>\r\n\t\t\t\t\t\t<\/div>\r\n\t\t\t\t\t<\/div>\r\n\t\t\t\t  <\/div>\r\n\t\t\t\t<\/a>\r\n\t\t\t<div class=\"boc_spacing \" style=\"height: 20px\"><\/div><a\thref=\"http:\/\/bit.ly\/WhatsAppMaradolDAV\" \n\t\t\t\tclass=\"button btn_medium btn_green btn_rounded btn_normal_style icon_pos_after btn_icon_anim_out  side_bounce_icon\"  target='_blank'><span>Env\u00eda Whatsapp<\/span> <i class='icon icon-arrow-right6'><\/i> <\/a>[vc_single_image alignment=&#8221;center&#8221; image=&#8221;23836&#8243; css=&#8221;.vc_custom_1536874115056{margin-top: 10% !important;}&#8221;][\/vc_column][vc_column width=&#8221;1\/2&#8243;]\r\n\t\t\t\t<a target=\"_self\" href=\"javascript:void(0)\"  style=\"cursor: default;\" title=\"\" class=\"pic_info_link_type4\">\r\n\t\t\t\t  <div class=\"boc_image_box portfolio_animator_class  \">\r\n\t\t\t\t\t<div class=\"pic_info type4\">\r\n\t\t\t\t\t\t<div class=\"pic \"><div class=\"plus_overlay\"><\/div><div class=\"plus_overlay_icon\"><\/div>\r\n\t\t\t\t\t\t<img loading=\"lazy\" decoding=\"async\" width=\"600\" height=\"380\" src=\"https:\/\/maradoldav.com.mx\/wp-content\/uploads\/2018\/09\/papayaMaradol1-600x380.jpg\" class=\"attachment-boc_medium size-boc_medium\" alt=\"\" \/>\r\n\t\t\t\t\t\t<div class=\"img_overlay_icon\"><span class=\"portfolio_icon icon_link\"><\/span><\/div><\/div>\r\n\t\t\t\t\t\t<div class=\"info_overlay\">\r\n\t\t\t\t\t\t\t<div class=\"info_overlay_padding\">\r\n\t\t\t\t\t\t\t\t<div class=\"info_desc\">\r\n\t\t\t\t\t\t\t\t\t<span class=\"portfolio_icon icon_link\"><\/span>\t\t\t\t\r\n\t\t\t\t\t\t\t\t\t<h3>Papaya Maradol<\/h3>\r\n\t\t\t\t\t\t\t\t\t<p>Papaya de excelente calidad<\/p>\r\n\t\t\t\t\t\t\t\t<\/div>\r\n\t\t\t\t\t\t\t<\/div>\r\n\t\t\t\t\t\t<\/div>\r\n\t\t\t\t\t<\/div>\r\n\t\t\t\t  <\/div>\r\n\t\t\t\t<\/a>\r\n\t\t\t<div class=\"boc_spacing \" style=\"height: 20px\"><\/div><a\thref=\"http:\/\/bit.ly\/WhatsAppMaradolDAV\" \n\t\t\t\tclass=\"button btn_medium btn_green btn_rounded btn_normal_style icon_pos_after btn_icon_anim_out  side_bounce_icon\"  target='_blank'><span>Env\u00eda Whatsapp<\/span> <i class='icon icon-arrow-right6'><\/i> <\/a>[vc_single_image alignment=&#8221;center&#8221; image=&#8221;23835&#8243; css=&#8221;.vc_custom_1536874123597{margin-top: 10% !important;}&#8221;][\/vc_column][\/vc_row][vc_row full_width=&#8221;stretch_row&#8221; css=&#8221;.vc_custom_1536784438316{padding-top: 8% !important;padding-bottom: 5% !important;background-image: url(http:\/\/maradoldav.com.mx\/wp-content\/uploads\/2018\/09\/papaya-maradol-dav-1.jpg?id=23826) !important;background-position: center !important;background-repeat: no-repeat !important;background-size: cover !important;}&#8221;][vc_column][vc_column_text el_class=&#8221;blancoTitulo&#8221;]<strong>15 A\u00d1OS DE MARADOL DAV<\/strong>[\/vc_column_text][vc_column_text el_class=&#8221;blanco&#8221;]<\/p>\n<p class=\"p1\">Somos una empresa con 15 a\u00f1os en el mercado, siempre buscando la mejora continua en nuestros procesos y empaques, haciendo alianzas con los mejores productores de papaya y pl\u00e1tano.<\/p>\n<p class=\"p1\">Estamos comprometidos con nuestros clientes para darles el mejor servicio y la mejor calidad a un precio justo.<\/p>\n<p>[\/vc_column_text][vc_single_image img_size=&#8221;thumbnail&#8221; alignment=&#8221;center&#8221; image=&#8221;23828&#8243;][\/vc_column][\/vc_row][vc_row full_width=&#8221;stretch_row_content&#8221; icon_type=&#8221;no_icon&#8221; icon_size=&#8221;32&#8243; icon_style=&#8221;none&#8221; icon_color_border=&#8221;#333333&#8243; icon_border_size=&#8221;1&#8243; icon_border_radius=&#8221;500&#8243; icon_border_spacing=&#8221;50&#8243; img_width=&#8221;48&#8243; el_id=&#8221;contacto&#8221;][vc_column width=&#8221;1\/2&#8243; css=&#8221;.vc_custom_1536193350140{padding-top: 80px !important;padding-right: 70px !important;padding-bottom: 60px !important;padding-left: 70px !important;background-color: #000f4b !important;}&#8221; el_class=&#8221;white_text semi_dark_overlay equal_height_column&#8221; offset=&#8221;vc_col-lg-6 vc_col-md-12 vc_col-xs-12&#8243;]<div class=\"side_icon_box xlarge  \"><span class=\"icon_feat  icon_solid\" style=\"\"><i class=\"icon icon-map-pin\" style=\"\"><\/i><\/span><h3>Ubicaci\u00f3n<\/h3><div class=\"side_icon_box_content\"><span style=\"color: #ffffff;\">Calle Lechuga #2587-2591 Mercado de Abastos Guadalajara, Jalisco<\/span><\/div><\/div><div class=\"side_icon_box xlarge  \"><span class=\"icon_feat  icon_solid\" style=\"\"><i class=\"icon icon-phone-square\" style=\"\"><\/i><\/span><h3>Tel\u00e9fono<\/h3><div class=\"side_icon_box_content\"><span style=\"color: #ffffff;\">01 (33) 15 22 58 16<\/span><\/div><\/div><div class=\"side_icon_box xlarge  \"><span class=\"icon_feat  icon_solid\" style=\"\"><i class=\"icon icon-chat\" style=\"\"><\/i><\/span><h3>Whatsapp<\/h3><div class=\"side_icon_box_content\"><a href=\"http:\/\/bit.ly\/WhatsAppMaradolDAV\">+52 1 33 34962830<\/a><\/div><\/div><div class=\"side_icon_box xlarge  \"><span class=\"icon_feat  icon_solid\" style=\"\"><i class=\"icon icon-mail2\" style=\"\"><\/i><\/span><h3>Email<\/h3><div class=\"side_icon_box_content\"><span style=\"color: #ffffff;\">ventas@maradoldav.com.mx<\/span><\/div><\/div>[\/vc_column][vc_column width=&#8221;1\/2&#8243; css=&#8221;.vc_custom_1537382388029{padding-right: 50px !important;padding-left: 50px !important;background-color: #ffffff !important;background-position: center !important;background-repeat: no-repeat !important;background-size: cover !important;}&#8221; el_class=&#8221;equal_height_column align_middle_column jade_overlay&#8221; offset=&#8221;vc_hidden-md vc_hidden-sm vc_hidden-xs&#8221;]<p class=\"wpcf7-contact-form-not-found\"><strong>Error:<\/strong> Contact form not found.<\/p>[\/vc_column][\/vc_row][vc_row full_width=&#8221;stretch_row_content_no_spaces&#8221; css=&#8221;.vc_custom_1536771874333{padding-top: -200px !important;}&#8221;][vc_column][vc_gmaps link=&#8221;#E-8_JTNDaWZyYW1lJTIwc3JjJTNEJTIyaHR0cHMlM0ElMkYlMkZ3d3cuZ29vZ2xlLmNvbSUyRm1hcHMlMkZlbWJlZCUzRnBiJTNEJTIxMW0xOCUyMTFtMTIlMjExbTMlMjExZDM3MzMuNDAxODE2NDA5NjE3NCUyMTJkLTEwMy4zODUzMzk4ODQ3ODAzOCUyMTNkMjAuNjUzMjI1Mzg2MjAzJTIxMm0zJTIxMWYwJTIxMmYwJTIxM2YwJTIxM20yJTIxMWkxMDI0JTIxMmk3NjglMjE0ZjEzLjElMjEzbTMlMjExbTIlMjExczB4ODQyOGFkZGQ2Y2UyOWQwYiUyNTNBMHg4ZDRkYTczNDRkODFmZjJiJTIxMnNDYWxsZSUyQkxlY2h1Z2ElMkIyNTkxJTI1MkMlMkJDb21lcmNpYWwlMkJBYmFzdG9zJTI1MkMlMkI0NDUzMCUyQkd1YWRhbGFqYXJhJTI1MkMlMkJKYWwuJTIxNWUwJTIxM20yJTIxMXNlcy00MTklMjEyc214JTIxNHYxNTM2Nzc0MTcyNTg0JTIyJTIwd2lkdGglM0QlMjI2MDAlMjIlMjBoZWlnaHQlM0QlMjI0NTAlMjIlMjBmcmFtZWJvcmRlciUzRCUyMjAlMjIlMjBzdHlsZSUzRCUyMmJvcmRlciUzQTAlMjIlMjBhbGxvd2Z1bGxzY3JlZW4lM0UlM0MlMkZpZnJhbWUlM0U=&#8221;][\/vc_column][\/vc_row]<\/p>\n","protected":false},"excerpt":{"rendered":"<p>[vc_row full_width=&#8221;stretch_row_content_no_spaces&#8221;][vc_column][vc_column_text][\/vc_column_text][\/vc_column][\/vc_row][vc_row el_id=&#8221;nosotros&#8221;][vc_column width=&#8221;1\/2&#8243;][vc_single_image css_animation=&#8221;boc_animate_when_almost_visible boc_left-to-right&#8221; image=&#8221;23817&#8243;][\/vc_column][vc_column width=&#8221;1\/2&#8243; css=&#8221;.vc_custom_1426343257137{padding-top: 100px !important;padding-bottom: 40px !important;}&#8221;][vc_column_text]En Maradol DAV contamos con venta de papaya y pl\u00e1tano de la mejor calidad y a un excelente precio. Contamos con distribuci\u00f3n a toda la Rep\u00fablica Mexicana y abasto de fruta durante todo el a\u00f1o.[\/vc_column_text][\/vc_column][\/vc_row][vc_row full_width=&#8221;stretch_row&#8221; enable_overlay=&#8221;off&#8221; el_class=&#8221;white_text&#8221; css=&#8221;.vc_custom_1536193098315{margin-bottom: 0px !important;padding-top: 24px !important;padding-bottom: 20px !important;background-color: #ae3636 !important;}&#8221;][vc_column][\/vc_column][\/vc_row][vc_row full_width=&#8221;stretch_row_content_no_spaces&#8221;<\/p>\n<div class=\"h10\"><\/div>\n<p><a class=\"more-link1\" href=\"https:\/\/maradoldav.com.mx\/\">Read more<\/a><\/p>\n","protected":false},"author":3,"featured_media":0,"parent":0,"menu_order":0,"comment_status":"closed","ping_status":"closed","template":"","meta":{"footnotes":""},"class_list":["post-23638","page","type-page","status-publish","hentry"],"_links":{"self":[{"href":"https:\/\/maradoldav.com.mx\/index.php\/wp-json\/wp\/v2\/pages\/23638","targetHints":{"allow":["GET"]}}],"collection":[{"href":"https:\/\/maradoldav.com.mx\/index.php\/wp-json\/wp\/v2\/pages"}],"about":[{"href":"https:\/\/maradoldav.com.mx\/index.php\/wp-json\/wp\/v2\/types\/page"}],"author":[{"embeddable":true,"href":"https:\/\/maradoldav.com.mx\/index.php\/wp-json\/wp\/v2\/users\/3"}],"replies":[{"embeddable":true,"href":"https:\/\/maradoldav.com.mx\/index.php\/wp-json\/wp\/v2\/comments?post=23638"}],"version-history":[{"count":33,"href":"https:\/\/maradoldav.com.mx\/index.php\/wp-json\/wp\/v2\/pages\/23638\/revisions"}],"predecessor-version":[{"id":23868,"href":"https:\/\/maradoldav.com.mx\/index.php\/wp-json\/wp\/v2\/pages\/23638\/revisions\/23868"}],"wp:attachment":[{"href":"https:\/\/maradoldav.com.mx\/index.php\/wp-json\/wp\/v2\/media?parent=23638"}],"curies":[{"name":"wp","href":"https:\/\/api.w.org\/{rel}","templated":true}]}}